{"id":23,"date":"2016-02-12T08:12:49","date_gmt":"2016-02-12T08:12:49","guid":{"rendered":"http:\/\/demos.famethemes.com\/onepress\/?page_id=23"},"modified":"2020-04-07T23:38:13","modified_gmt":"2020-04-07T23:38:13","slug":"que-es-un-corredor-de-seguros","status":"publish","type":"page","link":"https:\/\/ciaros.com.ec\/index.php\/que-es-un-corredor-de-seguros\/","title":{"rendered":"\u00bfQu\u00e9 es un corredor de seguros?"},"content":{"rendered":"<p><img loading=\"lazy\" decoding=\"async\" class=\"alignnone size-medium wp-image-1472\" src=\"https:\/\/ciaros.com.ec\/wp-content\/uploads\/2020\/04\/252940-P46MAO-569-300x200.jpg\" alt=\"\" width=\"300\" height=\"200\" srcset=\"https:\/\/ciaros.com.ec\/wp-content\/uploads\/2020\/04\/252940-P46MAO-569-300x200.jpg 300w, https:\/\/ciaros.com.ec\/wp-content\/uploads\/2020\/04\/252940-P46MAO-569-768x512.jpg 768w, https:\/\/ciaros.com.ec\/wp-content\/uploads\/2020\/04\/252940-P46MAO-569-1024x683.jpg 1024w, https:\/\/ciaros.com.ec\/wp-content\/uploads\/2020\/04\/252940-P46MAO-569.jpg 1800w\" sizes=\"auto, (max-width: 300px) 100vw, 300px\" \/><\/p>\n<p><span style=\"font-size: 10.5pt; font-family: Tahoma, sans-serif; color: #000000;\">Un Corredor de Seguros ofrece servicios de consultor\u00eda profesionales en <strong>capacidad de valorar todas las alternativas<\/strong> que tiene el mercado de los Seguros de riesgos y siempre interesados en un \u00f3ptimo manejo de estos.<\/span><\/p>\n<p><span style=\"color: #000000;\">Los corredores de seguros proceden como <strong>intermediario<\/strong> entre el sector asegurador y aquellas personas u empresas que buscan en asegurarse adem\u00e1s de <em>ayudar en la recuperaci\u00f3n de p\u00e9rdidas ante las compa\u00f1\u00edas de seguros <\/em>por posibles siniestros que afecten el patrimonio de los asegurados.<\/span><\/p>\n","protected":false},"excerpt":{"rendered":"<p>Ofrece servicios de consultor\u00eda profesionales en capacidad de valorar todas las alternativas que tiene el mercado de los Seguros de riesgos y siempre interesados en un \u00f3ptimo manejo de estos&#8230;leer m\u00e1s.<\/p>\n","protected":false},"author":2,"featured_media":1472,"parent":0,"menu_order":0,"comment_status":"closed","ping_status":"closed","template":"","meta":{"footnotes":""},"class_list":["post-23","page","type-page","status-publish","has-post-thumbnail","hentry"],"_links":{"self":[{"href":"https:\/\/ciaros.com.ec\/index.php\/wp-json\/wp\/v2\/pages\/23","targetHints":{"allow":["GET"]}}],"collection":[{"href":"https:\/\/ciaros.com.ec\/index.php\/wp-json\/wp\/v2\/pages"}],"about":[{"href":"https:\/\/ciaros.com.ec\/index.php\/wp-json\/wp\/v2\/types\/page"}],"author":[{"embeddable":true,"href":"https:\/\/ciaros.com.ec\/index.php\/wp-json\/wp\/v2\/users\/2"}],"replies":[{"embeddable":true,"href":"https:\/\/ciaros.com.ec\/index.php\/wp-json\/wp\/v2\/comments?post=23"}],"version-history":[{"count":4,"href":"https:\/\/ciaros.com.ec\/index.php\/wp-json\/wp\/v2\/pages\/23\/revisions"}],"predecessor-version":[{"id":1493,"href":"https:\/\/ciaros.com.ec\/index.php\/wp-json\/wp\/v2\/pages\/23\/revisions\/1493"}],"wp:featuredmedia":[{"embeddable":true,"href":"https:\/\/ciaros.com.ec\/index.php\/wp-json\/wp\/v2\/media\/1472"}],"wp:attachment":[{"href":"https:\/\/ciaros.com.ec\/index.php\/wp-json\/wp\/v2\/media?parent=23"}],"curies":[{"name":"wp","href":"https:\/\/api.w.org\/{rel}","templated":true}]}}