{"id":26,"date":"2016-02-12T08:13:33","date_gmt":"2016-02-12T08:13:33","guid":{"rendered":"http:\/\/demos.famethemes.com\/onepress\/?page_id=26"},"modified":"2020-04-07T23:47:27","modified_gmt":"2020-04-07T23:47:27","slug":"que-hacer-en-caso-de-accidente","status":"publish","type":"page","link":"https:\/\/ciaros.com.ec\/index.php\/que-hacer-en-caso-de-accidente\/","title":{"rendered":"\u00bfQu\u00e9 hacer en caso de accidente?"},"content":{"rendered":"<p><img loading=\"lazy\" decoding=\"async\" class=\"alignnone size-medium wp-image-1496\" src=\"https:\/\/ciaros.com.ec\/wp-content\/uploads\/2020\/04\/accidente-de-auto-300x200.jpg\" alt=\"\" width=\"300\" height=\"200\" srcset=\"https:\/\/ciaros.com.ec\/wp-content\/uploads\/2020\/04\/accidente-de-auto-300x200.jpg 300w, https:\/\/ciaros.com.ec\/wp-content\/uploads\/2020\/04\/accidente-de-auto-768x512.jpg 768w, https:\/\/ciaros.com.ec\/wp-content\/uploads\/2020\/04\/accidente-de-auto.jpg 960w\" sizes=\"auto, (max-width: 300px) 100vw, 300px\" \/><\/p>\n<p>Algunas respuestas sobre cuestiones del Seguro de Veh\u00edculos.<\/p>\n<h3>\u00bfQu\u00e9 hacer en caso de siniestro?<\/h3>\n<p><strong>En caso de sufrir un siniestro<\/strong><br \/>\nAntes que nada verificar que los que viajan con usted est\u00e9n en perfecto estado de salud. Despu\u00e9s de tranquilizarse y que le pase el susto.<\/p>\n<p><strong>Llame a la Asistencia n\u00famero que le da su compa\u00f1\u00eda de seguros.<\/strong><br \/>\nLlame a la Asistencia .<br \/>\nNo conduzca el veh\u00edculo ya que puede agravar los da\u00f1os del mismo.<\/p>\n<p><strong>En caso de colisi\u00f3n con un tercero<\/strong><br \/>\nRegistre todos sus datos: nombre, RUC, direcci\u00f3n y tel\u00e9fono del conductor, patente, marca, y modelo de su veh\u00edculo, y el nombre de la compa\u00f1\u00eda aseguradora en caso que tenga una.<\/p>\n<p>\u2022 En caso de haber testigos, anotar sus nombres, direcci\u00f3n y tel\u00e9fono. En caso de intervenci\u00f3n judicial, descripci\u00f3n de la autoridad que ha intervenido y la fecha de la declaraci\u00f3n del siniestro.<\/p>\n<p>\u2022 Ponga oportunamente en conocimiento de la Compa\u00f1\u00eda las citaciones, notificaciones o cualquier otra comunicaci\u00f3n que reciba en relaci\u00f3n al accidente.<\/p>\n<p>\u2022 No negocie acuerdos con la tercera persona sin autorizaci\u00f3n de la compa\u00f1\u00eda de seguros.<br \/>\nCon da\u00f1os a su veh\u00edculo asegurado o a terceros, DEJE CONSTANCIA INMEDIATA en la comisar\u00eda m\u00e1s cercana al lugar de los hechos.<\/p>\n<p><strong>Notificaci\u00f3n del Siniestro<\/strong><br \/>\nA m\u00e1s tardar dentro de 3 d\u00edas corridos de ocurrido el siniestro, notifique lo sucedido a su Compa\u00f1\u00eda de Seguros y\/o a su agente de Seguros.<\/p>\n","protected":false},"excerpt":{"rendered":"<p>Algunas respuestas sobre cuestiones del Seguro de Veh\u00edculos: En caso de sufrir un siniestro&#8230;leer m\u00e1s.<\/p>\n","protected":false},"author":2,"featured_media":0,"parent":0,"menu_order":0,"comment_status":"closed","ping_status":"closed","template":"","meta":{"footnotes":""},"class_list":["post-26","page","type-page","status-publish","hentry"],"_links":{"self":[{"href":"https:\/\/ciaros.com.ec\/index.php\/wp-json\/wp\/v2\/pages\/26","targetHints":{"allow":["GET"]}}],"collection":[{"href":"https:\/\/ciaros.com.ec\/index.php\/wp-json\/wp\/v2\/pages"}],"about":[{"href":"https:\/\/ciaros.com.ec\/index.php\/wp-json\/wp\/v2\/types\/page"}],"author":[{"embeddable":true,"href":"https:\/\/ciaros.com.ec\/index.php\/wp-json\/wp\/v2\/users\/2"}],"replies":[{"embeddable":true,"href":"https:\/\/ciaros.com.ec\/index.php\/wp-json\/wp\/v2\/comments?post=26"}],"version-history":[{"count":3,"href":"https:\/\/ciaros.com.ec\/index.php\/wp-json\/wp\/v2\/pages\/26\/revisions"}],"predecessor-version":[{"id":1498,"href":"https:\/\/ciaros.com.ec\/index.php\/wp-json\/wp\/v2\/pages\/26\/revisions\/1498"}],"wp:attachment":[{"href":"https:\/\/ciaros.com.ec\/index.php\/wp-json\/wp\/v2\/media?parent=26"}],"curies":[{"name":"wp","href":"https:\/\/api.w.org\/{rel}","templated":true}]}}